{"id":7,"date":"2022-02-12T18:06:20","date_gmt":"2022-02-12T18:06:20","guid":{"rendered":"https:\/\/getcasino.online\/?page_id=7"},"modified":"2022-02-13T16:09:46","modified_gmt":"2022-02-13T16:09:46","slug":"buy-casino-online-purchase-white-label-casino","status":"publish","type":"page","link":"https:\/\/getcasino.online\/vi\/","title":{"rendered":"Nh\u1eadn s\u00f2ng b\u1ea1c tr\u1ef1c tuy\u1ebfn \u2013 B\u1eaft \u0111\u1ea7u s\u00f2ng b\u1ea1c tr\u1ef1c tuy\u1ebfn c\u1ee7a b\u1ea1n ngay h\u00f4m nay"},"content":{"rendered":"","protected":false},"excerpt":{"rendered":"","protected":false},"author":1,"featured_media":0,"parent":0,"menu_order":0,"comment_status":"closed","ping_status":"closed","template":"home.php","meta":{"footnotes":""},"class_list":["post-7","page","type-page","status-publish","hentry"],"yoast_head":"<!-- This site is optimized with the Yoast SEO plugin v27.3 - https:\/\/yoast.com\/product\/yoast-seo-wordpress\/ -->\n<title>Get Casino Online - Start Your Online Casino Today<\/title>\n<meta name=\"description\" content=\"Get Your First Online Casino Running Today! Fast And Secure Setup! Launch Your First Casino Network Or Casino Brand Now!\" \/>\n<meta name=\"robots\" content=\"index, follow, max-snippet:-1, max-image-preview:large, max-video-preview:-1\" \/>\n<link rel=\"canonical\" href=\"https:\/\/getcasino.online\/vi\/\" \/>\n<meta property=\"og:locale\" content=\"vi_VN\" \/>\n<meta property=\"og:type\" content=\"article\" \/>\n<meta property=\"og:title\" content=\"Get Casino Online - Start Your Online Casino Today\" \/>\n<meta property=\"og:description\" content=\"Get Your First Online Casino Running Today! Fast And Secure Setup! Launch Your First Casino Network Or Casino Brand Now!\" \/>\n<meta property=\"og:url\" content=\"https:\/\/getcasino.online\/vi\/\" \/>\n<meta property=\"og:site_name\" content=\"Get Online Casino\" \/>\n<meta property=\"article:modified_time\" content=\"2022-02-13T16:09:46+00:00\" \/>\n<meta name=\"twitter:card\" content=\"summary_large_image\" \/>\n<script type=\"application\/ld+json\" class=\"yoast-schema-graph\">{\"@context\":\"https:\\\/\\\/schema.org\",\"@graph\":[{\"@type\":\"WebPage\",\"@id\":\"https:\\\/\\\/getcasino.online\\\/\",\"url\":\"https:\\\/\\\/getcasino.online\\\/\",\"name\":\"Get Casino Online - Start Your Online Casino Today\",\"isPartOf\":{\"@id\":\"https:\\\/\\\/getcasino.online\\\/#website\"},\"datePublished\":\"2022-02-12T18:06:20+00:00\",\"dateModified\":\"2022-02-13T16:09:46+00:00\",\"description\":\"Get Your First Online Casino Running Today! Fast And Secure Setup! Launch Your First Casino Network Or Casino Brand Now!\",\"breadcrumb\":{\"@id\":\"https:\\\/\\\/getcasino.online\\\/#breadcrumb\"},\"inLanguage\":\"vi\",\"potentialAction\":[{\"@type\":\"ReadAction\",\"target\":[\"https:\\\/\\\/getcasino.online\\\/\"]}]},{\"@type\":\"BreadcrumbList\",\"@id\":\"https:\\\/\\\/getcasino.online\\\/#breadcrumb\",\"itemListElement\":[{\"@type\":\"ListItem\",\"position\":1,\"name\":\"Home\",\"item\":\"https:\\\/\\\/getcasino.online\\\/\"},{\"@type\":\"ListItem\",\"position\":2,\"name\":\"Get Casino Online &#8211; Start Your Online Casino Today\"}]},{\"@type\":\"WebSite\",\"@id\":\"https:\\\/\\\/getcasino.online\\\/#website\",\"url\":\"https:\\\/\\\/getcasino.online\\\/\",\"name\":\"Get Online Casino\",\"description\":\"Get A Casino Online Within 24 Hours!\",\"publisher\":{\"@id\":\"https:\\\/\\\/getcasino.online\\\/#organization\"},\"potentialAction\":[{\"@type\":\"SearchAction\",\"target\":{\"@type\":\"EntryPoint\",\"urlTemplate\":\"https:\\\/\\\/getcasino.online\\\/?s={search_term_string}\"},\"query-input\":{\"@type\":\"PropertyValueSpecification\",\"valueRequired\":true,\"valueName\":\"search_term_string\"}}],\"inLanguage\":\"vi\"},{\"@type\":\"Organization\",\"@id\":\"https:\\\/\\\/getcasino.online\\\/#organization\",\"name\":\"Get Casino Online\",\"url\":\"https:\\\/\\\/getcasino.online\\\/\",\"logo\":{\"@type\":\"ImageObject\",\"inLanguage\":\"vi\",\"@id\":\"https:\\\/\\\/getcasino.online\\\/#\\\/schema\\\/logo\\\/image\\\/\",\"url\":\"https:\\\/\\\/getcasino.online\\\/wp-content\\\/uploads\\\/2022\\\/02\\\/GetCasinoOnline.jpg\",\"contentUrl\":\"https:\\\/\\\/getcasino.online\\\/wp-content\\\/uploads\\\/2022\\\/02\\\/GetCasinoOnline.jpg\",\"width\":800,\"height\":400,\"caption\":\"Get Casino Online\"},\"image\":{\"@id\":\"https:\\\/\\\/getcasino.online\\\/#\\\/schema\\\/logo\\\/image\\\/\"}}]}<\/script>\n<!-- \/ Yoast SEO plugin. -->","yoast_head_json":{"title":"Nh\u1eadn s\u00f2ng b\u1ea1c tr\u1ef1c tuy\u1ebfn - B\u1eaft \u0111\u1ea7u s\u00f2ng b\u1ea1c tr\u1ef1c tuy\u1ebfn c\u1ee7a b\u1ea1n ngay h\u00f4m nay","description":"Nh\u1eadn Casino tr\u1ef1c tuy\u1ebfn \u0111\u1ea7u ti\u00ean c\u1ee7a b\u1ea1n \u0111ang ch\u1ea1y ngay h\u00f4m nay! Thi\u1ebft l\u1eadp nhanh ch\u00f3ng v\u00e0 an to\u00e0n! Kh\u1edfi ch\u1ea1y m\u1ea1ng l\u01b0\u1edbi s\u00f2ng b\u1ea1c ho\u1eb7c th\u01b0\u01a1ng hi\u1ec7u s\u00f2ng b\u1ea1c \u0111\u1ea7u ti\u00ean c\u1ee7a b\u1ea1n ngay b\u00e2y gi\u1edd!","robots":{"index":"index","follow":"follow","max-snippet":"max-snippet:-1","max-image-preview":"max-image-preview:large","max-video-preview":"max-video-preview:-1"},"canonical":"https:\/\/getcasino.online\/vi\/","og_locale":"vi_VN","og_type":"article","og_title":"Get Casino Online - Start Your Online Casino Today","og_description":"Get Your First Online Casino Running Today! Fast And Secure Setup! Launch Your First Casino Network Or Casino Brand Now!","og_url":"https:\/\/getcasino.online\/vi\/","og_site_name":"Get Online Casino","article_modified_time":"2022-02-13T16:09:46+00:00","twitter_card":"summary_large_image","schema":{"@context":"https:\/\/schema.org","@graph":[{"@type":"WebPage","@id":"https:\/\/getcasino.online\/","url":"https:\/\/getcasino.online\/","name":"Nh\u1eadn s\u00f2ng b\u1ea1c tr\u1ef1c tuy\u1ebfn - B\u1eaft \u0111\u1ea7u s\u00f2ng b\u1ea1c tr\u1ef1c tuy\u1ebfn c\u1ee7a b\u1ea1n ngay h\u00f4m nay","isPartOf":{"@id":"https:\/\/getcasino.online\/#website"},"datePublished":"2022-02-12T18:06:20+00:00","dateModified":"2022-02-13T16:09:46+00:00","description":"Nh\u1eadn Casino tr\u1ef1c tuy\u1ebfn \u0111\u1ea7u ti\u00ean c\u1ee7a b\u1ea1n \u0111ang ch\u1ea1y ngay h\u00f4m nay! Thi\u1ebft l\u1eadp nhanh ch\u00f3ng v\u00e0 an to\u00e0n! Kh\u1edfi ch\u1ea1y m\u1ea1ng l\u01b0\u1edbi s\u00f2ng b\u1ea1c ho\u1eb7c th\u01b0\u01a1ng hi\u1ec7u s\u00f2ng b\u1ea1c \u0111\u1ea7u ti\u00ean c\u1ee7a b\u1ea1n ngay b\u00e2y gi\u1edd!","breadcrumb":{"@id":"https:\/\/getcasino.online\/#breadcrumb"},"inLanguage":"vi","potentialAction":[{"@type":"ReadAction","target":["https:\/\/getcasino.online\/"]}]},{"@type":"BreadcrumbList","@id":"https:\/\/getcasino.online\/#breadcrumb","itemListElement":[{"@type":"ListItem","position":1,"name":"Home","item":"https:\/\/getcasino.online\/"},{"@type":"ListItem","position":2,"name":"Get Casino Online &#8211; Start Your Online Casino Today"}]},{"@type":"WebSite","@id":"https:\/\/getcasino.online\/#website","url":"https:\/\/getcasino.online\/","name":"Nh\u1eadn s\u00f2ng b\u1ea1c tr\u1ef1c tuy\u1ebfn","description":"Nh\u1eadn s\u00f2ng b\u1ea1c tr\u1ef1c tuy\u1ebfn trong v\u00f2ng 24 gi\u1edd!","publisher":{"@id":"https:\/\/getcasino.online\/#organization"},"potentialAction":[{"@type":"SearchAction","target":{"@type":"EntryPoint","urlTemplate":"https:\/\/getcasino.online\/?s={search_term_string}"},"query-input":{"@type":"PropertyValueSpecification","valueRequired":true,"valueName":"search_term_string"}}],"inLanguage":"vi"},{"@type":"Organization","@id":"https:\/\/getcasino.online\/#organization","name":"Nh\u1eadn s\u00f2ng b\u1ea1c tr\u1ef1c tuy\u1ebfn","url":"https:\/\/getcasino.online\/","logo":{"@type":"ImageObject","inLanguage":"vi","@id":"https:\/\/getcasino.online\/#\/schema\/logo\/image\/","url":"https:\/\/getcasino.online\/wp-content\/uploads\/2022\/02\/GetCasinoOnline.jpg","contentUrl":"https:\/\/getcasino.online\/wp-content\/uploads\/2022\/02\/GetCasinoOnline.jpg","width":800,"height":400,"caption":"Get Casino Online"},"image":{"@id":"https:\/\/getcasino.online\/#\/schema\/logo\/image\/"}}]}},"_links":{"self":[{"href":"https:\/\/getcasino.online\/vi\/wp-json\/wp\/v2\/pages\/7","targetHints":{"allow":["GET"]}}],"collection":[{"href":"https:\/\/getcasino.online\/vi\/wp-json\/wp\/v2\/pages"}],"about":[{"href":"https:\/\/getcasino.online\/vi\/wp-json\/wp\/v2\/types\/page"}],"author":[{"embeddable":true,"href":"https:\/\/getcasino.online\/vi\/wp-json\/wp\/v2\/users\/1"}],"replies":[{"embeddable":true,"href":"https:\/\/getcasino.online\/vi\/wp-json\/wp\/v2\/comments?post=7"}],"version-history":[{"count":0,"href":"https:\/\/getcasino.online\/vi\/wp-json\/wp\/v2\/pages\/7\/revisions"}],"wp:attachment":[{"href":"https:\/\/getcasino.online\/vi\/wp-json\/wp\/v2\/media?parent=7"}],"curies":[{"name":"wp","href":"https:\/\/api.w.org\/{rel}","templated":true}]}}